{"id":22547,"date":"2024-02-15T10:14:38","date_gmt":"2024-02-15T09:14:38","guid":{"rendered":"https:\/\/allcms.es\/contacto-prensa\/"},"modified":"2024-02-15T10:14:38","modified_gmt":"2024-02-15T09:14:38","slug":"contacto-prensa","status":"publish","type":"page","link":"https:\/\/allcms.es\/en\/contacto-prensa\/","title":{"rendered":"Contacto prensa"},"content":{"rendered":"<div class=\"wpb-content-wrapper\"><p>[vc_row css_animation=&#8221;&#8221; row_type=&#8221;row&#8221; use_row_as_full_screen_section=&#8221;yes&#8221; type=&#8221;full_width&#8221; angled_section=&#8221;no&#8221; text_align=&#8221;left&#8221; background_image_as_pattern=&#8221;without_pattern&#8221; z_index=&#8221;&#8221;][vc_column][vc_empty_space height=&#8221;120px&#8221;][\/vc_column][\/vc_row][vc_row css_animation=&#8221;&#8221; row_type=&#8221;row&#8221; use_row_as_full_screen_section=&#8221;no&#8221; type=&#8221;grid&#8221; angled_section=&#8221;no&#8221; text_align=&#8221;left&#8221; background_image_as_pattern=&#8221;without_pattern&#8221; z_index=&#8221;&#8221;][vc_column width=&#8221;1\/3&#8243;][vc_column_text]<\/p>\n<h3>Equipo de prensa<\/h3>\n<p>[\/vc_column_text][vc_separator type=&#8221;transparent&#8221; up=&#8221;6&#8243; down=&#8221;6&#8243;][vc_column_text]Telf:<a href=\"tel:+34 629 03 96 57\"> 629 03 96 57<\/a><\/p>\n<p>Email: \u00a0<a title=\"prensa@bendayan.es\" href=\"mailto:prensa@bendayan.es?subject=Contacto%20desde%20Web%20AllCMS\" target=\"_blank\" rel=\"nofollow noopener\"><span class=\"email\">prensa@bendayan.es<\/span><\/a>[\/vc_column_text][vc_separator type=&#8221;transparent&#8221; up=&#8221;6&#8243; down=&#8221;6&#8243;]<span class='q_social_icon_holder normal_social' ><a itemprop='url' href='https:\/\/www.linkedin.com\/company\/all-cms\/' target='_blank'><i class=\"qode_icon_font_awesome fa fa-linkedin fa-lg simple_social\" style=\"margin: 0 13px 0 0;\" ><\/i><\/a><\/span>[\/vc_column][vc_column width=&#8221;2\/3&#8243;]\n<div class=\"wpcf7 no-js\" id=\"wpcf7-f21882-o1\" lang=\"es-ES\" dir=\"ltr\" data-wpcf7-id=\"21882\">\n<div class=\"screen-reader-response\"><p role=\"status\" aria-live=\"polite\" aria-atomic=\"true\"><\/p> <ul><\/ul><\/div>\n<form action=\"\/en\/wp-json\/wp\/v2\/pages\/22547#wpcf7-f21882-o1\" method=\"post\" class=\"wpcf7-form init default\" aria-label=\"Formulario de contacto\" novalidate=\"novalidate\" data-status=\"init\">\n<fieldset class=\"hidden-fields-container\"><input type=\"hidden\" name=\"_wpcf7\" value=\"21882\" \/><input type=\"hidden\" name=\"_wpcf7_version\" value=\"6.1.5\" \/><input type=\"hidden\" name=\"_wpcf7_locale\" value=\"es_ES\" \/><input type=\"hidden\" name=\"_wpcf7_unit_tag\" value=\"wpcf7-f21882-o1\" \/><input type=\"hidden\" name=\"_wpcf7_container_post\" value=\"0\" \/><input type=\"hidden\" name=\"_wpcf7_posted_data_hash\" value=\"\" \/><input type=\"hidden\" name=\"_wpcf7_recaptcha_response\" value=\"\" \/>\n<\/fieldset>\n<div class=\"vc_row wpb_row\">\n\t<div class=\"wpb_column vc_column_container vc_col-sm-6\">\n\t\t<div class=\"vc_column-inner\" >\n\t\t\t<p>Nombre*\n\t\t\t<\/p>\n\t\t\t<p><span class=\"wpcf7-form-control-wrap\" data-name=\"your-name\"><input size=\"40\" maxlength=\"400\" class=\"wpcf7-form-control wpcf7-text wpcf7-validates-as-required\" aria-required=\"true\" aria-invalid=\"false\" value=\"\" type=\"text\" name=\"your-name\" \/><\/span>\n\t\t\t<\/p>\n\t\t\t<p>Medio de comunicaci\u00f3n*\n\t\t\t<\/p>\n\t\t\t<p><span class=\"wpcf7-form-control-wrap\" data-name=\"medio\"><input size=\"40\" maxlength=\"400\" class=\"wpcf7-form-control wpcf7-text wpcf7-validates-as-required\" aria-required=\"true\" aria-invalid=\"false\" value=\"\" type=\"text\" name=\"medio\" \/><\/span>\n\t\t\t<\/p>\n\t\t\t<p>Email*\n\t\t\t<\/p>\n\t\t\t<p><span class=\"wpcf7-form-control-wrap\" data-name=\"your-email\"><input size=\"40\" maxlength=\"400\" class=\"wpcf7-form-control wpcf7-email wpcf7-validates-as-required wpcf7-text wpcf7-validates-as-email\" aria-required=\"true\" aria-invalid=\"false\" value=\"\" type=\"email\" name=\"your-email\" \/><\/span>\n\t\t\t<\/p>\n\t\t<\/div>\n\t<\/div>\n\t<div class=\"wpb_column vc_column_container vc_col-sm-6\">\n\t\t<div class=\"vc_column-inner\" >\n\t\t\t<p>Apellido*\n\t\t\t<\/p>\n\t\t\t<p><span class=\"wpcf7-form-control-wrap\" data-name=\"apellido\"><input size=\"40\" maxlength=\"400\" class=\"wpcf7-form-control wpcf7-text wpcf7-validates-as-required\" aria-required=\"true\" aria-invalid=\"false\" value=\"\" type=\"text\" name=\"apellido\" \/><\/span>\n\t\t\t<\/p>\n\t\t\t<p>Secci\u00f3n*\n\t\t\t<\/p>\n\t\t\t<p><span class=\"wpcf7-form-control-wrap\" data-name=\"seccion\"><input size=\"40\" maxlength=\"400\" class=\"wpcf7-form-control wpcf7-text wpcf7-validates-as-required\" aria-required=\"true\" aria-invalid=\"false\" value=\"\" type=\"text\" name=\"seccion\" \/><\/span>\n\t\t\t<\/p>\n\t\t\t<p>Tel\u00e9fono*\n\t\t\t<\/p>\n\t\t\t<p><span class=\"wpcf7-form-control-wrap\" data-name=\"Telefono\"><input size=\"40\" maxlength=\"400\" class=\"wpcf7-form-control wpcf7-tel wpcf7-validates-as-required wpcf7-text wpcf7-validates-as-tel\" aria-required=\"true\" aria-invalid=\"false\" value=\"\" type=\"tel\" name=\"Telefono\" \/><\/span>\n\t\t\t<\/p>\n\t\t<\/div>\n\t<\/div>\n\t<p>\u00bfC\u00f3mo nos has conocido?\n\t<\/p>\n\t<p><span class=\"wpcf7-form-control-wrap\" data-name=\"how-you-met-us\"><textarea cols=\"40\" rows=\"10\" maxlength=\"2000\" class=\"wpcf7-form-control wpcf7-textarea\" aria-invalid=\"false\" name=\"how-you-met-us\"><\/textarea><\/span>\n\t<\/p>\n\t<p>Mensaje\n\t<\/p>\n\t<p><span class=\"wpcf7-form-control-wrap\" data-name=\"your-message\"><textarea cols=\"40\" rows=\"10\" maxlength=\"2000\" class=\"wpcf7-form-control wpcf7-textarea\" aria-invalid=\"false\" name=\"your-message\"><\/textarea><\/span>\n\t<\/p>\n\t<div class=\"row\">\n\t\t<div class=\"col-md-12\">\n\t\t\t<p><label style=\"color: black;\"> <span style=\"font-size: 11px\">All CMS (Altin Cash Management Solutions SL) tratar\u00e1 los datos que nos facilita con la finalidad de atender las consultas y peticiones planteadas sobre nuestras soluciones. No cederemos sus datos a terceros fuera de las obligaciones legales establecidas. Puede, en todo momento, retirarnos el consentimiento, as\u00ed como ejercer los derechos reconocidos en la normativa de protecci\u00f3n de datos, escribiendo a dpo@allcms.es. M\u00e1s informaci\u00f3n en nuestra <a href=\"\/politicas_de_privacidad\" target=\"_blank\">pol\u00edtica de privacidad<\/a>.<\/span><\/label>\n\t\t\t<\/p>\n\t\t<\/div>\n\t<\/div>\n\t<p><span class=\"wpcf7-form-control-wrap\" data-name=\"acceptance-606\"><span class=\"wpcf7-form-control wpcf7-acceptance\"><span class=\"wpcf7-list-item\"><label><input type=\"checkbox\" name=\"acceptance-606\" value=\"1\" class=\"acceptance-606\" aria-invalid=\"false\" \/><span class=\"wpcf7-list-item-label\"><label style=\"color: black;\"> <span style=\"font-size: 11px\"><strong>ENTIENDO Y ACEPTO<\/strong> el tratamiento de mis datos tal y como se describe anteriormente (La negativa a facilitar esta autorizaci\u00f3n impide que tratemos los datos con la finalidad de enviarle informaci\u00f3n). \"<\/span><\/label><\/span><\/label><\/span><\/span><\/span>\n\t<\/p>\n\n\t<p><input class=\"wpcf7-form-control wpcf7-submit has-spinner\" type=\"submit\" value=\"Enviar\" \/>\n\t<\/p>\n<\/div><div class=\"wpcf7-response-output\" aria-hidden=\"true\"><\/div>\n<\/form>\n<\/div>\n[\/vc_column][\/vc_row]<\/p>\n<\/div>","protected":false},"excerpt":{"rendered":"<p>[vc_row css_animation=&#8221;&#8221; row_type=&#8221;row&#8221; use_row_as_full_screen_section=&#8221;yes&#8221; type=&#8221;full_width&#8221; angled_section=&#8221;no&#8221; text_align=&#8221;left&#8221; background_image_as_pattern=&#8221;without_pattern&#8221; z_index=&#8221;&#8221;][vc_column][vc_empty_space height=&#8221;120px&#8221;][\/vc_column][\/vc_row][vc_row css_animation=&#8221;&#8221; row_type=&#8221;row&#8221; use_row_as_full_screen_section=&#8221;no&#8221; type=&#8221;grid&#8221; angled_section=&#8221;no&#8221; text_align=&#8221;left&#8221; background_image_as_pattern=&#8221;without_pattern&#8221; z_index=&#8221;&#8221;][vc_column width=&#8221;1\/3&#8243;][vc_column_text] Equipo de prensa [\/vc_column_text][vc_separator type=&#8221;transparent&#8221; up=&#8221;6&#8243; down=&#8221;6&#8243;][vc_column_text]Telf: 629 03 96 57 Email: \u00a0prensa@bendayan.es[\/vc_column_text][vc_separator type=&#8221;transparent&#8221; up=&#8221;6&#8243; down=&#8221;6&#8243;][\/vc_column][vc_column width=&#8221;2\/3&#8243;][\/vc_column][\/vc_row]<\/p>\n","protected":false},"author":3,"featured_media":0,"parent":0,"menu_order":0,"comment_status":"closed","ping_status":"closed","template":"","meta":{"footnotes":""},"class_list":["post-22547","page","type-page","status-publish","hentry"],"yoast_head":"<!-- This site is optimized with the Yoast SEO plugin v26.9 - https:\/\/yoast.com\/product\/yoast-seo-wordpress\/ -->\n<title>Contacto prensa | AllCMS<\/title>\n<meta name=\"robots\" content=\"index, follow, max-snippet:-1, max-image-preview:large, max-video-preview:-1\" \/>\n<link rel=\"canonical\" href=\"https:\/\/allcms.es\/en\/contacto-prensa\/\" \/>\n<meta property=\"og:locale\" content=\"en_US\" \/>\n<meta property=\"og:type\" content=\"article\" \/>\n<meta property=\"og:title\" content=\"Contacto prensa | AllCMS\" \/>\n<meta property=\"og:description\" content=\"[vc_row css_animation=&#8221;&#8221; row_type=&#8221;row&#8221; use_row_as_full_screen_section=&#8221;yes&#8221; type=&#8221;full_width&#8221; angled_section=&#8221;no&#8221; text_align=&#8221;left&#8221; background_image_as_pattern=&#8221;without_pattern&#8221; z_index=&#8221;&#8221;][vc_column][vc_empty_space height=&#8221;120px&#8221;][\/vc_column][\/vc_row][vc_row css_animation=&#8221;&#8221; row_type=&#8221;row&#8221; use_row_as_full_screen_section=&#8221;no&#8221; type=&#8221;grid&#8221; angled_section=&#8221;no&#8221; text_align=&#8221;left&#8221; background_image_as_pattern=&#8221;without_pattern&#8221; z_index=&#8221;&#8221;][vc_column width=&#8221;1\/3&#8243;][vc_column_text] Equipo de prensa [\/vc_column_text][vc_separator type=&#8221;transparent&#8221; up=&#8221;6&#8243; down=&#8221;6&#8243;][vc_column_text]Telf: 629 03 96 57 Email: \u00a0prensa@bendayan.es[\/vc_column_text][vc_separator type=&#8221;transparent&#8221; up=&#8221;6&#8243; down=&#8221;6&#8243;][\/vc_column][vc_column width=&#8221;2\/3&#8243;][\/vc_column][\/vc_row]\" \/>\n<meta property=\"og:url\" content=\"https:\/\/allcms.es\/en\/contacto-prensa\/\" \/>\n<meta property=\"og:site_name\" content=\"AllCMS\" \/>\n<meta name=\"twitter:card\" content=\"summary_large_image\" \/>\n<meta name=\"twitter:label1\" content=\"Est. reading time\" \/>\n\t<meta name=\"twitter:data1\" content=\"1 minute\" \/>\n<script type=\"application\/ld+json\" class=\"yoast-schema-graph\">{\"@context\":\"https:\/\/schema.org\",\"@graph\":[{\"@type\":\"WebPage\",\"@id\":\"https:\/\/allcms.es\/en\/contacto-prensa\/\",\"url\":\"https:\/\/allcms.es\/en\/contacto-prensa\/\",\"name\":\"Contacto prensa | AllCMS\",\"isPartOf\":{\"@id\":\"https:\/\/allcms.es\/#website\"},\"datePublished\":\"2024-02-15T09:14:38+00:00\",\"breadcrumb\":{\"@id\":\"https:\/\/allcms.es\/en\/contacto-prensa\/#breadcrumb\"},\"inLanguage\":\"en-US\",\"potentialAction\":[{\"@type\":\"ReadAction\",\"target\":[\"https:\/\/allcms.es\/en\/contacto-prensa\/\"]}]},{\"@type\":\"BreadcrumbList\",\"@id\":\"https:\/\/allcms.es\/en\/contacto-prensa\/#breadcrumb\",\"itemListElement\":[{\"@type\":\"ListItem\",\"position\":1,\"name\":\"Inicio\",\"item\":\"https:\/\/allcms.es\/en\/\"},{\"@type\":\"ListItem\",\"position\":2,\"name\":\"Contacto prensa\"}]},{\"@type\":\"WebSite\",\"@id\":\"https:\/\/allcms.es\/#website\",\"url\":\"https:\/\/allcms.es\/\",\"name\":\"AllCMS\",\"description\":\"Soluciones de Gesti\u00f3n Financiera en modo SaaS\",\"publisher\":{\"@id\":\"https:\/\/allcms.es\/#organization\"},\"potentialAction\":[{\"@type\":\"SearchAction\",\"target\":{\"@type\":\"EntryPoint\",\"urlTemplate\":\"https:\/\/allcms.es\/?s={search_term_string}\"},\"query-input\":{\"@type\":\"PropertyValueSpecification\",\"valueRequired\":true,\"valueName\":\"search_term_string\"}}],\"inLanguage\":\"en-US\"},{\"@type\":\"Organization\",\"@id\":\"https:\/\/allcms.es\/#organization\",\"name\":\"Altin CMS\",\"url\":\"https:\/\/allcms.es\/\",\"logo\":{\"@type\":\"ImageObject\",\"inLanguage\":\"en-US\",\"@id\":\"https:\/\/allcms.es\/#\/schema\/logo\/image\/\",\"url\":\"https:\/\/allcms.es\/wp-content\/uploads\/2025\/09\/AllCMS_15Aniversario_Logo_Versiones_Mesa-de-trabajo-1-scaled.png\",\"contentUrl\":\"https:\/\/allcms.es\/wp-content\/uploads\/2025\/09\/AllCMS_15Aniversario_Logo_Versiones_Mesa-de-trabajo-1-scaled.png\",\"width\":2560,\"height\":2560,\"caption\":\"Altin CMS\"},\"image\":{\"@id\":\"https:\/\/allcms.es\/#\/schema\/logo\/image\/\"},\"sameAs\":[\"https:\/\/www.youtube.com\/@allcms\/videos\",\"https:\/\/es.linkedin.com\/company\/all-cms\"]}]}<\/script>\n<!-- \/ Yoast SEO plugin. -->","yoast_head_json":{"title":"Contacto prensa | AllCMS","robots":{"index":"index","follow":"follow","max-snippet":"max-snippet:-1","max-image-preview":"max-image-preview:large","max-video-preview":"max-video-preview:-1"},"canonical":"https:\/\/allcms.es\/en\/contacto-prensa\/","og_locale":"en_US","og_type":"article","og_title":"Contacto prensa | AllCMS","og_description":"[vc_row css_animation=&#8221;&#8221; row_type=&#8221;row&#8221; use_row_as_full_screen_section=&#8221;yes&#8221; type=&#8221;full_width&#8221; angled_section=&#8221;no&#8221; text_align=&#8221;left&#8221; background_image_as_pattern=&#8221;without_pattern&#8221; z_index=&#8221;&#8221;][vc_column][vc_empty_space height=&#8221;120px&#8221;][\/vc_column][\/vc_row][vc_row css_animation=&#8221;&#8221; row_type=&#8221;row&#8221; use_row_as_full_screen_section=&#8221;no&#8221; type=&#8221;grid&#8221; angled_section=&#8221;no&#8221; text_align=&#8221;left&#8221; background_image_as_pattern=&#8221;without_pattern&#8221; z_index=&#8221;&#8221;][vc_column width=&#8221;1\/3&#8243;][vc_column_text] Equipo de prensa [\/vc_column_text][vc_separator type=&#8221;transparent&#8221; up=&#8221;6&#8243; down=&#8221;6&#8243;][vc_column_text]Telf: 629 03 96 57 Email: \u00a0prensa@bendayan.es[\/vc_column_text][vc_separator type=&#8221;transparent&#8221; up=&#8221;6&#8243; down=&#8221;6&#8243;][\/vc_column][vc_column width=&#8221;2\/3&#8243;][\/vc_column][\/vc_row]","og_url":"https:\/\/allcms.es\/en\/contacto-prensa\/","og_site_name":"AllCMS","twitter_card":"summary_large_image","twitter_misc":{"Est. reading time":"1 minute"},"schema":{"@context":"https:\/\/schema.org","@graph":[{"@type":"WebPage","@id":"https:\/\/allcms.es\/en\/contacto-prensa\/","url":"https:\/\/allcms.es\/en\/contacto-prensa\/","name":"Contacto prensa | AllCMS","isPartOf":{"@id":"https:\/\/allcms.es\/#website"},"datePublished":"2024-02-15T09:14:38+00:00","breadcrumb":{"@id":"https:\/\/allcms.es\/en\/contacto-prensa\/#breadcrumb"},"inLanguage":"en-US","potentialAction":[{"@type":"ReadAction","target":["https:\/\/allcms.es\/en\/contacto-prensa\/"]}]},{"@type":"BreadcrumbList","@id":"https:\/\/allcms.es\/en\/contacto-prensa\/#breadcrumb","itemListElement":[{"@type":"ListItem","position":1,"name":"Inicio","item":"https:\/\/allcms.es\/en\/"},{"@type":"ListItem","position":2,"name":"Contacto prensa"}]},{"@type":"WebSite","@id":"https:\/\/allcms.es\/#website","url":"https:\/\/allcms.es\/","name":"AllCMS","description":"Soluciones de Gesti\u00f3n Financiera en modo SaaS","publisher":{"@id":"https:\/\/allcms.es\/#organization"},"potentialAction":[{"@type":"SearchAction","target":{"@type":"EntryPoint","urlTemplate":"https:\/\/allcms.es\/?s={search_term_string}"},"query-input":{"@type":"PropertyValueSpecification","valueRequired":true,"valueName":"search_term_string"}}],"inLanguage":"en-US"},{"@type":"Organization","@id":"https:\/\/allcms.es\/#organization","name":"Altin CMS","url":"https:\/\/allcms.es\/","logo":{"@type":"ImageObject","inLanguage":"en-US","@id":"https:\/\/allcms.es\/#\/schema\/logo\/image\/","url":"https:\/\/allcms.es\/wp-content\/uploads\/2025\/09\/AllCMS_15Aniversario_Logo_Versiones_Mesa-de-trabajo-1-scaled.png","contentUrl":"https:\/\/allcms.es\/wp-content\/uploads\/2025\/09\/AllCMS_15Aniversario_Logo_Versiones_Mesa-de-trabajo-1-scaled.png","width":2560,"height":2560,"caption":"Altin CMS"},"image":{"@id":"https:\/\/allcms.es\/#\/schema\/logo\/image\/"},"sameAs":["https:\/\/www.youtube.com\/@allcms\/videos","https:\/\/es.linkedin.com\/company\/all-cms"]}]}},"_links":{"self":[{"href":"https:\/\/allcms.es\/en\/wp-json\/wp\/v2\/pages\/22547","targetHints":{"allow":["GET"]}}],"collection":[{"href":"https:\/\/allcms.es\/en\/wp-json\/wp\/v2\/pages"}],"about":[{"href":"https:\/\/allcms.es\/en\/wp-json\/wp\/v2\/types\/page"}],"author":[{"embeddable":true,"href":"https:\/\/allcms.es\/en\/wp-json\/wp\/v2\/users\/3"}],"replies":[{"embeddable":true,"href":"https:\/\/allcms.es\/en\/wp-json\/wp\/v2\/comments?post=22547"}],"version-history":[{"count":1,"href":"https:\/\/allcms.es\/en\/wp-json\/wp\/v2\/pages\/22547\/revisions"}],"predecessor-version":[{"id":22548,"href":"https:\/\/allcms.es\/en\/wp-json\/wp\/v2\/pages\/22547\/revisions\/22548"}],"wp:attachment":[{"href":"https:\/\/allcms.es\/en\/wp-json\/wp\/v2\/media?parent=22547"}],"curies":[{"name":"wp","href":"https:\/\/api.w.org\/{rel}","templated":true}]}}